{"id":2441,"date":"2021-01-04T13:52:24","date_gmt":"2021-01-04T11:52:24","guid":{"rendered":"https:\/\/www.eklandstone.com\/om-oss\/"},"modified":"2025-10-31T09:09:20","modified_gmt":"2025-10-31T07:09:20","slug":"om-oss","status":"publish","type":"page","link":"https:\/\/www.eklandstone.com\/sv\/om-oss\/","title":{"rendered":"OM OSS"},"content":{"rendered":"<div  style='height:10px' class='hr hr-invisible   avia-builder-el-0  el_before_av_slideshow_full  avia-builder-el-no-sibling '><span class='hr-inner ' ><span class='hr-inner-style'><\/span><\/span><\/div>\n<\/div><\/div><\/div><!-- close content main div --><\/div><\/div><div id='full_slider_1'  class='avia-fullwidth-slider main_color avia-shadow   avia-builder-el-1  el_after_av_hr  el_before_av_hr   slider-not-first container_wrap sidebar_right' style=' '  ><div   data-size='featured'  data-lightbox_size='large'  data-animation='slide'  data-conditional_play=''  data-ids='308'  data-video_counter='0'  data-autoplay='true'  data-bg_slider='false'  data-slide_height=''  data-handle='av_slideshow_full'  data-interval='4'  data-class=' '  data-el_id=''  data-css_id=''  data-scroll_down=''  data-control_layout='av-control-hidden'  data-custom_markup=''  data-perma_caption=''  data-autoplay_stopper=''  data-image_attachment=''  data-min_height='0px'  data-lazy_loading='disabled'  data-src=''  data-position='top left'  data-repeat='no-repeat'  data-attach='scroll'  data-stretch=''  data-default-height='28.666666666667'  class='avia-slideshow avia-slideshow-1  av-control-hidden av-default-height-applied avia-slideshow-featured av_slideshow_full   avia-slide-slider '  itemprop=\"image\" itemscope=\"itemscope\" itemtype=\"https:\/\/schema.org\/ImageObject\" ><ul class='avia-slideshow-inner ' style='padding-bottom: 28.666666666667%;' ><li  class=' av-single-slide slide-1 ' ><div data-rel='slideshow-1' class='avia-slide-wrap '   ><img decoding=\"async\" class=\"wp-image-2462 avia-img-lazy-loading-not-2462\"  src=\"https:\/\/www.eklandstone.com\/wp-content\/uploads\/2020\/09\/aboutas2-1500x430.jpg\" width=\"1500\" height=\"430\" title='aboutas2' alt=''  itemprop=\"thumbnailUrl\"   \/><\/div><\/li><\/ul><\/div><\/div><div id='after_full_slider_1'  class='main_color av_default_container_wrap container_wrap sidebar_right' style=' '  ><div class='container' ><div class='template-page content  av-content-small alpha units'><div class='post-entry post-entry-type-page post-entry-2441'><div class='entry-content-wrapper clearfix'>\n<div  style='height:10px' class='hr hr-invisible   avia-builder-el-2  el_after_av_slideshow_full  el_before_av_section  avia-builder-el-no-sibling '><span class='hr-inner ' ><span class='hr-inner-style'><\/span><\/span><\/div>\n<\/div><\/div><\/div><!-- close content main div --><\/div><\/div><div id='av_section_1'  class='avia-section main_color avia-section-default avia-no-border-styling  avia-bg-style-scroll  avia-builder-el-3  el_after_av_hr  el_before_av_hr   container_wrap sidebar_right' style='background-color: #ececec;  '  ><div class='container' ><div class='template-page content  av-content-small alpha units'><div class='post-entry post-entry-type-page post-entry-2441'><div class='entry-content-wrapper clearfix'>\n<div  style='height:20px' class='hr hr-invisible   avia-builder-el-4  el_before_av_hr  avia-builder-el-first '><span class='hr-inner ' ><span class='hr-inner-style'><\/span><\/span><\/div>\n<div  style='height:10px' class='hr hr-invisible   avia-builder-el-5  el_after_av_hr  el_before_av_textblock '><span class='hr-inner ' ><span class='hr-inner-style'><\/span><\/span><\/div>\n<section class=\"av_textblock_section \"  itemscope=\"itemscope\" itemtype=\"https:\/\/schema.org\/CreativeWork\" ><div class='avia_textblock  '   itemprop=\"text\" ><h2 style=\"text-align: center;\">OM OSS<\/h2>\n<\/div><\/section>\n<div  style=' margin-top:10px; margin-bottom:10px;'  class='hr hr-custom hr-center hr-icon-no   avia-builder-el-7  el_after_av_textblock  el_before_av_textblock '><span class='hr-inner  inner-border-av-border-fat' style=' width:180px; border-color:#000000;' ><span class='hr-inner-style'><\/span><\/span><\/div>\n<section class=\"av_textblock_section \"  itemscope=\"itemscope\" itemtype=\"https:\/\/schema.org\/CreativeWork\" ><div class='avia_textblock sm-pd '   itemprop=\"text\" ><p style=\"text-align: center;\">Ekland Stone \u00e4r ett familje\u00e4gt f\u00f6retag som specialiserar sig p\u00e5 att leverera kalksten f\u00f6r anv\u00e4ndning som plattor, fasadpaneler och byggnadssten<br \/>\ni projekt \u00f6ver hela v\u00e4rlden. V\u00e5r kalksten anv\u00e4nds ofta vid byggandet av hotell, kontorsbyggnader, k\u00f6pcentrum och privata bost\u00e4der<br \/>\ni de nordiska huvudst\u00e4derna Stockholm, Oslo, Helsingfors och K\u00f6penhamn. Vi levererar ocks\u00e5 v\u00e5r kalksten till privata hem och kommersiella projekt i London, Mellan\u00f6stern och Kina,<br \/>\noch med varje \u00e5r som g\u00e5r forts\u00e4tter vi att st\u00e4rka v\u00e5r n\u00e4rvaro p\u00e5 dessa marknader. Vi \u00e4r mycket stolta \u00f6ver de l\u00e5ngsiktiga relationer vi har<br \/>\nbyggt upp med arkitekter och inredningsarkitekter, och v\u00e5rt m\u00e5l \u00e4r att erbjuda kalksten av h\u00f6gsta kvalitet och en kundservice i v\u00e4rldsklass.<\/p>\n<\/div><\/section>\n<div  style='height:10px' class='hr hr-invisible   avia-builder-el-9  el_after_av_textblock  avia-builder-el-last '><span class='hr-inner ' ><span class='hr-inner-style'><\/span><\/span><\/div>\n<\/div><\/div><\/div><!-- close content main div --><\/div><\/div><div id='after_section_1'  class='main_color av_default_container_wrap container_wrap sidebar_right' style=' '  ><div class='container' ><div class='template-page content  av-content-small alpha units'><div class='post-entry post-entry-type-page post-entry-2441'><div class='entry-content-wrapper clearfix'><div  style='height:10px' class='hr hr-invisible   avia-builder-el-10  el_after_av_section  el_before_av_section  avia-builder-el-no-sibling '><span class='hr-inner ' ><span class='hr-inner-style'><\/span><\/span><\/div><\/p>\n<\/div><\/div><\/div><!-- close content main div --><\/div><\/div><div id='av_section_2'  class='avia-section main_color avia-section-default avia-no-border-styling  avia-bg-style-scroll  avia-builder-el-11  el_after_av_hr  el_before_av_hr   container_wrap sidebar_right' style='background-color: #ececec;  '  ><div class='container' ><div class='template-page content  av-content-small alpha units'><div class='post-entry post-entry-type-page post-entry-2441'><div class='entry-content-wrapper clearfix'>\n<div class='flex_column_table av-equal-height-column-flextable -flextable' style='margin-top:0px; margin-bottom:0px; '><div class=\"flex_column av_one_half  no_margin flex_column_table_cell av-equal-height-column av-align-middle first  avia-builder-el-12  el_before_av_one_half  avia-builder-el-first  mobile-padding \" style='padding:0px 100px 0px 100px ; border-radius:0px; '><p><div  style='height:100px' class='hr hr-invisible  av-small-hide av-mini-hide  avia-builder-el-13  el_before_av_hr  avia-builder-el-first '><span class='hr-inner ' ><span class='hr-inner-style'><\/span><\/span><\/div><br \/>\n<div  style='height:20px' class='hr hr-invisible  av-desktop-hide av-medium-hide  avia-builder-el-14  el_after_av_hr  el_before_av_textblock '><span class='hr-inner ' ><span class='hr-inner-style'><\/span><\/span><\/div><br \/>\n<section class=\"av_textblock_section \"  itemscope=\"itemscope\" itemtype=\"https:\/\/schema.org\/CreativeWork\" ><div class='avia_textblock  '   itemprop=\"text\" ><h2 style=\"text-align: center;\">Kvalitet och Expertis<\/h2>\n<\/div><\/section><br \/>\n<div  style=' margin-top:10px; margin-bottom:10px;'  class='hr hr-custom hr-center hr-icon-no   avia-builder-el-16  el_after_av_textblock  el_before_av_textblock '><span class='hr-inner  inner-border-av-border-fat' style=' width:180px; border-color:#000000;' ><span class='hr-inner-style'><\/span><\/span><\/div><br \/>\n<section class=\"av_textblock_section \"  itemscope=\"itemscope\" itemtype=\"https:\/\/schema.org\/CreativeWork\" ><div class='avia_textblock  '   itemprop=\"text\" ><p style=\"text-align: center;\">Att bryta v\u00e5r kalksten och f\u00f6rbereda den f\u00f6r kommersiellt bruk kr\u00e4ver en blandning av teknik och traditionellt hantverk. F\u00f6r att s\u00e4kerst\u00e4lla kvaliteten p\u00e5 den f\u00e4rdiga stenen har vi investerat i n\u00e5gra av de mest avancerade sk\u00e4rteknikerna. V\u00e5ra CNC-maskiner tolkar designdata och sk\u00e4r kalkstenen automatiskt, vilket resulterar i h\u00f6gre effektivitet, st\u00f6rre produktivitet och mindre avfall. Vi arbetar n\u00e4ra arkitekter och inredningsarkitekter f\u00f6r att s\u00e4kerst\u00e4lla att deras stendesign och detaljer tillverkas enligt h\u00f6gsta\u00a0kvalitetsstandard.<\/p>\n<\/div><\/section><br \/>\n<div  style='height:10px' class='hr hr-invisible  av-desktop-hide av-medium-hide  avia-builder-el-18  el_after_av_textblock  el_before_av_hr '><span class='hr-inner ' ><span class='hr-inner-style'><\/span><\/span><\/div><br \/>\n<div  style='height:100px' class='hr hr-invisible  av-small-hide av-mini-hide  avia-builder-el-19  el_after_av_hr  avia-builder-el-last '><span class='hr-inner ' ><span class='hr-inner-style'><\/span><\/span><\/div><\/p><\/div><div class=\"flex_column av_one_half  avia-full-stretch no_margin flex_column_table_cell av-equal-height-column av-align-middle av-zero-column-padding   avia-builder-el-20  el_after_av_one_half  avia-builder-el-last  mobile-img \" style='background:url(https:\/\/www.eklandstone.com\/wp-content\/uploads\/2020\/09\/aboutas-2.jpg) center center no-repeat  #fdf1e0; background-color:#fdf1e0; border-radius:0px; '><\/div><\/div><!--close column table wrapper. Autoclose: 1 --><\/div><\/div><\/div><!-- close content main div --><\/div><\/div><div id='after_section_2'  class='main_color av_default_container_wrap container_wrap sidebar_right' style=' '  ><div class='container' ><div class='template-page content  av-content-small alpha units'><div class='post-entry post-entry-type-page post-entry-2441'><div class='entry-content-wrapper clearfix'><div  style='height:10px' class='hr hr-invisible   avia-builder-el-21  el_after_av_section  el_before_av_section  avia-builder-el-no-sibling '><span class='hr-inner ' ><span class='hr-inner-style'><\/span><\/span><\/div><\/p>\n<\/div><\/div><\/div><!-- close content main div --><\/div><\/div><div id='av_section_3'  class='avia-section main_color avia-section-default avia-no-border-styling  avia-bg-style-scroll  avia-builder-el-22  el_after_av_hr  el_before_av_section   container_wrap sidebar_right' style='background-color: #ececec;  '  ><div class='container' ><div class='template-page content  av-content-small alpha units'><div class='post-entry post-entry-type-page post-entry-2441'><div class='entry-content-wrapper clearfix'>\n<div class='flex_column_table av-equal-height-column-flextable -flextable' style='margin-top:0px; margin-bottom:0px; '><div class=\"flex_column av_one_half  av-hide-on-mobile  avia-full-stretch no_margin flex_column_table_cell av-equal-height-column av-align-middle av-zero-column-padding first  avia-builder-el-23  el_before_av_one_half  avia-builder-el-first  mobile-img \" style='background:url(https:\/\/www.eklandstone.com\/wp-content\/uploads\/2020\/09\/Saaremaa-Photo-1.jpg) center center no-repeat  #fdf1e0; background-color:#fdf1e0; border-radius:0px; '><\/div><div class=\"flex_column av_one_half  no_margin flex_column_table_cell av-equal-height-column av-align-middle   avia-builder-el-24  el_after_av_one_half  avia-builder-el-last  mobile-padding \" style='padding:0px 100px 0px 100px ; border-radius:0px; '><p><div  style='height:100px' class='hr hr-invisible  av-small-hide av-mini-hide  avia-builder-el-25  el_before_av_hr  avia-builder-el-first '><span class='hr-inner ' ><span class='hr-inner-style'><\/span><\/span><\/div><br \/>\n<div  style='height:20px' class='hr hr-invisible  av-desktop-hide av-medium-hide  avia-builder-el-26  el_after_av_hr  el_before_av_textblock '><span class='hr-inner ' ><span class='hr-inner-style'><\/span><\/span><\/div><br \/>\n<section class=\"av_textblock_section \"  itemscope=\"itemscope\" itemtype=\"https:\/\/schema.org\/CreativeWork\" ><div class='avia_textblock  '   itemprop=\"text\" ><h2 style=\"text-align: center;\">V\u00e5rt\u00a0Milj\u00f6ansvar<\/h2>\n<\/div><\/section><br \/>\n<div  style=' margin-top:10px; margin-bottom:10px;'  class='hr hr-custom hr-center hr-icon-no   avia-builder-el-28  el_after_av_textblock  el_before_av_textblock '><span class='hr-inner  inner-border-av-border-fat' style=' width:180px; border-color:#000000;' ><span class='hr-inner-style'><\/span><\/span><\/div><br \/>\n<section class=\"av_textblock_section \"  itemscope=\"itemscope\" itemtype=\"https:\/\/schema.org\/CreativeWork\" ><div class='avia_textblock  '   itemprop=\"text\" ><p style=\"text-align: center;\">Vi tar v\u00e5rt ansvar f\u00f6r att bevara milj\u00f6n runt v\u00e5ra stenbrott p\u00e5 st\u00f6rsta allvar.<br \/>\nVi har en h\u00e5llbarhets- och f\u00f6rnyelseplan som s\u00e4kerst\u00e4ller att v\u00e5ra stenbrott \u00e5terf\u00f6rs till gr\u00f6n milj\u00f6 efter anv\u00e4ndning. Vi str\u00e4var efter att ha en minimal inverkan p\u00e5 v\u00e5rt vackra landskap.<\/p>\n<\/div><\/section><br \/>\n<div  style='height:10px' class='hr hr-invisible  av-desktop-hide av-medium-hide  avia-builder-el-30  el_after_av_textblock  el_before_av_hr '><span class='hr-inner ' ><span class='hr-inner-style'><\/span><\/span><\/div><br \/>\n<div  style='height:100px' class='hr hr-invisible  av-small-hide av-mini-hide  avia-builder-el-31  el_after_av_hr  avia-builder-el-last '><span class='hr-inner ' ><span class='hr-inner-style'><\/span><\/span><\/div><\/p><\/div><\/div><!--close column table wrapper. Autoclose: 1 --><\/div><\/div><\/div><!-- close content main div --><\/div><\/div><div id='av_section_4'  class='avia-section main_color avia-section-no-padding avia-no-border-styling  avia-bg-style-scroll  avia-builder-el-32  el_after_av_section  el_before_av_hr   av-desktop-hide av-medium-hide container_wrap sidebar_right' style='background-color: #ececec;  '  ><div class='container' ><div class='template-page content  av-content-small alpha units'><div class='post-entry post-entry-type-page post-entry-2441'><div class='entry-content-wrapper clearfix'>\n<div class='flex_column_table av-equal-height-column-flextable -flextable' style='margin-top:0px; margin-bottom:0px; '><div class=\"flex_column av_one_half  avia-full-stretch no_margin flex_column_table_cell av-equal-height-column av-align-middle av-zero-column-padding first  avia-builder-el-33  avia-builder-el-no-sibling  mobile-img \" style='background:url(https:\/\/www.eklandstone.com\/wp-content\/uploads\/2020\/09\/Saaremaa-Photo-1.jpg) center center no-repeat  #fdf1e0; background-color:#fdf1e0; border-radius:0px; '><\/div><\/div><!--close column table wrapper. Autoclose: 1 -->\n<\/div><\/div><\/div><!-- close content main div --><\/div><\/div><div id='after_section_4'  class='main_color av_default_container_wrap container_wrap sidebar_right' style=' '  ><div class='container' ><div class='template-page content  av-content-small alpha units'><div class='post-entry post-entry-type-page post-entry-2441'><div class='entry-content-wrapper clearfix'><\/p>\n<div  style='height:10px' class='hr hr-invisible   avia-builder-el-34  el_after_av_section  el_before_av_section  avia-builder-el-no-sibling '><span class='hr-inner ' ><span class='hr-inner-style'><\/span><\/span><\/div>\n<\/div><\/div><\/div><!-- close content main div --><\/div><\/div><div id='av_section_5'  class='avia-section main_color avia-section-default avia-no-border-styling  avia-bg-style-scroll  avia-builder-el-35  el_after_av_hr  el_before_av_hr   container_wrap sidebar_right' style='background-color: #ececec;  '  ><div class='container' ><div class='template-page content  av-content-small alpha units'><div class='post-entry post-entry-type-page post-entry-2441'><div class='entry-content-wrapper clearfix'>\n<div class='flex_column_table av-equal-height-column-flextable -flextable' style='margin-top:0px; margin-bottom:0px; '><div class=\"flex_column av_one_half  no_margin flex_column_table_cell av-equal-height-column av-align-middle first  avia-builder-el-36  el_before_av_one_half  avia-builder-el-first  mobile-padding \" style='padding:0px 100px 0px 100px ; border-radius:0px; '><p><div  style='height:20px' class='hr hr-invisible  av-desktop-hide av-medium-hide  avia-builder-el-37  el_before_av_hr  avia-builder-el-first '><span class='hr-inner ' ><span class='hr-inner-style'><\/span><\/span><\/div><br \/>\n<div  style='height:100px' class='hr hr-invisible  av-small-hide av-mini-hide  avia-builder-el-38  el_after_av_hr  el_before_av_textblock '><span class='hr-inner ' ><span class='hr-inner-style'><\/span><\/span><\/div><br \/>\n<section class=\"av_textblock_section \"  itemscope=\"itemscope\" itemtype=\"https:\/\/schema.org\/CreativeWork\" ><div class='avia_textblock  '   itemprop=\"text\" ><h2 class=\"page-title\" style=\"text-align: center;\">V\u00e5ra Medarbetare<\/h2>\n<\/div><\/section><br \/>\n<div  style=' margin-top:10px; margin-bottom:10px;'  class='hr hr-custom hr-center hr-icon-no   avia-builder-el-40  el_after_av_textblock  el_before_av_textblock '><span class='hr-inner  inner-border-av-border-fat' style=' width:180px; border-color:#000000;' ><span class='hr-inner-style'><\/span><\/span><\/div><br \/>\n<section class=\"av_textblock_section \"  itemscope=\"itemscope\" itemtype=\"https:\/\/schema.org\/CreativeWork\" ><div class='avia_textblock  '   itemprop=\"text\" ><p style=\"text-align: center;\">V\u00e5rt team av stenhuggare best\u00e5r av erfarna yrkespersoner med m\u00e5nga \u00e5rs erfarenhet av \u00e4kta stenhantverk. Det dedikerade och lojala teamet \u00e4r stolta \u00f6ver att uppfylla de h\u00f6ga krav som v\u00e5ra kunder st\u00e4ller internationellt.<\/p>\n<\/div><\/section><br \/>\n<div  style='height:10px' class='hr hr-invisible  av-desktop-hide av-medium-hide  avia-builder-el-42  el_after_av_textblock  el_before_av_hr '><span class='hr-inner ' ><span class='hr-inner-style'><\/span><\/span><\/div><br \/>\n<div  style='height:100px' class='hr hr-invisible  av-small-hide av-mini-hide  avia-builder-el-43  el_after_av_hr  avia-builder-el-last '><span class='hr-inner ' ><span class='hr-inner-style'><\/span><\/span><\/div><\/p><\/div><div class=\"flex_column av_one_half  avia-full-stretch no_margin flex_column_table_cell av-equal-height-column av-align-middle av-zero-column-padding   avia-builder-el-44  el_after_av_one_half  avia-builder-el-last  mobile-img \" style='background:url(https:\/\/www.eklandstone.com\/wp-content\/uploads\/2020\/09\/aboutas-1-1.jpg) center center no-repeat  #fdf1e0; background-color:#fdf1e0; border-radius:0px; '><\/div><\/div><!--close column table wrapper. Autoclose: 1 --><\/div><\/div><\/div><!-- close content main div --><\/div><\/div><div id='after_section_5'  class='main_color av_default_container_wrap container_wrap sidebar_right' style=' '  ><div class='container' ><div class='template-page content  av-content-small alpha units'><div class='post-entry post-entry-type-page post-entry-2441'><div class='entry-content-wrapper clearfix'><div  style='height:10px' class='hr hr-invisible   avia-builder-el-45  el_after_av_section  el_before_av_one_half  avia-builder-el-first '><span class='hr-inner ' ><span class='hr-inner-style'><\/span><\/span><\/div><\/p>\n<div class=\"flex_column av_one_half  flex_column_div av-zero-column-padding first  avia-builder-el-46  el_after_av_hr  avia-builder-el-last  \" style='border-radius:0px; '><\/div>\n","protected":false},"excerpt":{"rendered":"","protected":false},"author":3,"featured_media":0,"parent":0,"menu_order":0,"comment_status":"closed","ping_status":"closed","template":"","meta":{"inline_featured_image":false,"footnotes":""},"class_list":["post-2441","page","type-page","status-publish","hentry"],"_links":{"self":[{"href":"https:\/\/www.eklandstone.com\/sv\/wp-json\/wp\/v2\/pages\/2441","targetHints":{"allow":["GET"]}}],"collection":[{"href":"https:\/\/www.eklandstone.com\/sv\/wp-json\/wp\/v2\/pages"}],"about":[{"href":"https:\/\/www.eklandstone.com\/sv\/wp-json\/wp\/v2\/types\/page"}],"author":[{"embeddable":true,"href":"https:\/\/www.eklandstone.com\/sv\/wp-json\/wp\/v2\/users\/3"}],"replies":[{"embeddable":true,"href":"https:\/\/www.eklandstone.com\/sv\/wp-json\/wp\/v2\/comments?post=2441"}],"version-history":[{"count":22,"href":"https:\/\/www.eklandstone.com\/sv\/wp-json\/wp\/v2\/pages\/2441\/revisions"}],"predecessor-version":[{"id":14108,"href":"https:\/\/www.eklandstone.com\/sv\/wp-json\/wp\/v2\/pages\/2441\/revisions\/14108"}],"wp:attachment":[{"href":"https:\/\/www.eklandstone.com\/sv\/wp-json\/wp\/v2\/media?parent=2441"}],"curies":[{"name":"wp","href":"https:\/\/api.w.org\/{rel}","templated":true}]}}